{"id":3,"date":"2023-09-04T14:23:10","date_gmt":"2023-09-04T11:23:10","guid":{"rendered":"https:\/\/skytel24.com\/?page_id=3"},"modified":"2024-05-20T12:05:25","modified_gmt":"2024-05-20T09:05:25","slug":"privacy-policy","status":"publish","type":"page","link":"https:\/\/site.skytel24.com\/et\/privacy-policy\/","title":{"rendered":"Privaatsuspoliitika"},"content":{"rendered":"\r\n<h3>Teie privaatsus on meie jaoks \u00e4\u00e4rmiselt oluline.<\/h3>\r\n<p>SkyTel O\u00dc asub aadressil:<\/p>\r\n<address>SkyTel O\u00dc<br \/>Registrikood: <a href=\"https:\/\/ariregister.rik.ee\/est\/company\/12926323\" target=\"_blank\" rel=\"noopener\">12926323<\/a><br \/>Lasnam\u00e4e 18 Tallinn <br \/>11416 &#8211; Harjumaa , Estonia<br \/><a href=\"tel:+3723335510\">+372.333.55.10<\/a><\/address>\r\n<p>SkyTel O\u00dc poliitika on austada teie privaatsust seoses igasuguse teabega, mida me oma veebilehe k\u00e4itamise ajal kogume. K\u00e4esolev privaatsuspoliitika kehtib\u00a0<a href=\"https:\/\/skytel.ee\/\">https:\/\/skytel.ee<\/a>,\u00a0<a href=\"https:\/\/skytel24.com\/\">https:\/\/skytel24.com<\/a> ja *.skypbx.eu (edaspidi, &#8220;meie&#8221;, &#8220;me&#8221;, v\u00f5i &#8220;<a href=\"https:\/\/skytel.ee\">https:\/\/skytel.ee<\/a> \/ <a href=\"https:\/\/skytel24.com\">https:\/\/skytel24.com<\/a>&#8221; ja &#8220;*.skypbx.eu&#8221;) suhtes. Me austame teie privaatsust a kohustume kaitsma isikuandmeid, mida v\u00f5ite meile veebisaidi kaudu edastada. Oleme vastu v\u00f5tnud k\u00e4esoleva privaatsuspoliitika (\u201cPrivaatsuspoliitika\u201d), et selgitada, millist teavet v\u00f5ib meie veebisaidil koguda, kuidas me seda teavet kasutame ja millistel tingimustel v\u00f5ime seda teavet kolmandatele isikutele avaldada. K\u00e4esolev privaatsuspoliitika kehtib ainult teabe kohta, mida me kogume veebisaidi kaudu, ja ei kehti meie poolt muudest allikatest kogutud teabe kohta.<\/p>\r\n<p>K\u00e4esolev privaatsuspoliitika koos meie veebisaidil avaldatud tingimustega s\u00e4testab \u00fcldised reeglid a p\u00f5him\u00f5tted, mis reguleerivad meie veebisaidi kasutamist. S\u00f5ltuvalt teie tegevusest meie veebisaidi k\u00fclastamisel v\u00f5idakse teilt n\u00f5uda, et n\u00f5ustuksite t\u00e4iendavate tingimustega.<\/p>\r\n<h2>Veebisaidi k\u00fclastajad<\/h2>\r\n<p>Nagu enamik veebisaidi haldajaid, kogub SkyTel O\u00dc selliseid mitte-isikuandmeid mida veebibrauserid ja \u2013serverid tavaliselt teevad k\u00e4ttesaadavaks, nagu n\u00e4iteks brauseri t\u00fc\u00fcp, keele-eelistused, viidatav veebisait ning iga k\u00fclastaja taotluse kuup\u00e4ev ja kellaaeg. SkyTel O\u00dc eesm\u00e4rk on koguda isikustamata teavet et paremini m\u00f5ista, kuidas SkyTel O\u00dc k\u00fclastajad meie veebisaiti kasutavad. Aeg-ajalt v\u00f5ib SkyTelk O\u00dc avaldada isikut mittetuvastavat isikut mittetuvastavat teavet koondatult, nt avaldades aruande oma veebisaidi kasutamise trendide kohta.<\/p>\r\n<p>SkyTel O\u00dc kogub ka potentsiaalselt isikut tuvastavat teavet, nagu Interneti-protokolli (IP) aadressid sisseloginud ja <a href=\"https:\/\/skytel.ee\/\">https:\/\/skytel.ee<\/a>,\u00a0<a href=\"https:\/\/skytel24.com\/\">https:\/\/skytel24.com<\/a> ja *.skypbx.eu ajaveebi postitusi kommenteerivatelt kasutajatelt. SkyTel O\u00dc avaldab sisselogitud kasutajate ja kommenteerijate IP- aadresse ainult samadel asjaoludel, mida ta kasutab, ja avaldab isikut tuvastavat teavat, nagu allpool kirjeldatud.<\/p>\r\n<h2>Isikuandmete kogumine<\/h2>\r\n<p>Teatud SkyTel O\u00dc veebisaitide k\u00fclastajad otsustavad suhelda SkyTel O\u00dc-ga viisil, mis n\u00f5uab SkyTel O\u00dc-lt isikut tuvastava teabe kogumist. SkyTel O\u00dc kogutava teabe hulk ja t\u00fc\u00fcp s\u00f5ltub suhtluse iseloomust. N\u00e4iteks palume k\u00fclastajatel, kes registreeruvad blogi aadressil <a href=\"https:\/\/skytel.ee\/\">https:\/\/skytel.ee<\/a>,\u00a0<a href=\"https:\/\/skytel24.com\/\">https:\/\/skytel24.com<\/a> ja *.skypbx.eu, esitada kasutajanimi ja e-posti aadress.<\/p>\r\n<h2>Turvalisus<\/h2>\r\n<p>Teie isikuandmete turvalisus on meile oluline, kuid pidage meeles, et \u00fckski Interneti-\u00fclekande v\u00f5i elektroonilise salvestamise meetod ei ole 100% turvaline. Kuigi me p\u00fc\u00fcame kasutada teie isikuandmete kaitsmiseks kaubanduslikult vastuv\u00f5etavaid vahendeid, ei saa me tagada nende absoluutset turvalisust.<\/p>\r\n<h2>Reklaamid<\/h2>\r\n<p>Meie veebisaidil ilmuvaid reklaame v\u00f5ivad kasutajatele edastada reklaamipartnerid, kes v\u00f5ivad seada k\u00fcpsiseid. Need k\u00fcpsised v\u00f5imaldavad reklaamiserveril teie arvuti \u00e4ra tunda iga kord, kui nad saadavad teile veebireklaami, et koguda teavet teie v\u00f5i teie arvuti kasutajate kohta. See teave v\u00f5imaldab reklaamiv\u00f5rgustikel muu hulgas edastada sihitud reklaame, mis nende arvates teile k\u00f5ige rohkem huvi pakuda. See privaatsuspoliitika h\u00f5lmab SkyTel O\u00dc k\u00fcpsiste kasutamist ja ei h\u00f5lma k\u00fcpsiste kasutamist reklaamija poolt.<\/p>\r\n<h2>Lingid v\u00e4listele Saitidele<\/h2>\r\n<p>Meie teenus v\u00f5ib sisaldada linke v\u00e4listidele, mida me ei halda. Kui kl\u00f5psate kolmanda osapoole lingile, suunatakse teid selle kolmanda osapoole veebilehele. Soovitame tungivalt tutvuda iga k\u00fclastatava veebisaidi privaatsuspoliitikaga ja tingimustega.<\/p>\r\n<p>Me ei kontrolli ega vastuta kolmandate osapoolte veebisaitide, toodete v\u00f5i teenuste sise, privaatsuspoliitakate v\u00f5i tavade eest.<\/p>\r\n<h2>Teatud isikut tuvastavate andmete kaitse<\/h2>\r\n<p>SkyTel O\u00dc avalikustab potentsiaalselt isikut tuvastavat ja isiklikku teavet ainult nendele oma t\u00f6\u00f6tajatele, t\u00f6\u00f6v\u00f5tjatele ja sidusorganisatsioonidele, kes (i) peavad seda teavet teadma, et seda t\u00f6\u00f6delda SkyTel O\u00dc nimel v\u00f5i pakkuda SkyTel O\u00dc veebisaidil k\u00e4ttesaadavaid teenuseid, ja (ii) kes on n\u00f5ustunud seda teistele mitte avalikustama. M\u00f5ned neist t\u00f6\u00f6tajatest, t\u00f6\u00f6v\u00f5tjatest ja sidusorganisatsioonidest v\u00f5ivad asuda v\u00e4ljaspool teie koduriiki; SkyTel O\u00dc veebilehte kasutades n\u00f5ustute selliste andmete edastamisega neile. SkyTel O\u00dc ei rendi ega m\u00fc\u00fc potentsiaalselt isiklikke andmeid identifitseerivat ja isiklikke andmeid sisaldavat teavet kellelegi. V\u00e4lja arvatud oma t\u00f6\u00f6tajatele, t\u00f6\u00f6v\u00f5tjatele ja sidusorganisatsioonidele, nagu eespool kirjeldatud, avalikustab SkyTel O\u00dc potentsiaalselt isikut tuvastavat ja isiklikku teavet ainult vastuseks kohtukutsele, kohtum\u00e4\u00e4rusele v\u00f5i muule valitsuse taotlusele v\u00f5i kui SkyTel O\u00dc usub heas usus, et avalikustamine on m\u00f5istlikult vajalik SkyTel O\u00dc, kolmandate isikute v\u00f5i \u00fcldsuse vara v\u00f5i \u00f5iguste kaitsmiseks.<\/p>\r\n<p>Kui olete <a href=\"https:\/\/skytel.ee\/\">https:\/\/skytel.ee<\/a>,\u00a0<a href=\"https:\/\/skytel24.com\/\">https:\/\/skytel24.com<\/a> ja *.skypbx.eu registreeritud kasutaja ja olete andnud oma e-posti aadressi, saadab SkyTel O\u00dc teile aeg-ajalt e-kirju, et teavitada teid uutest funktsioonidest, k\u00fcsida teie tagasisidet v\u00f5i lihtsalt hoida teid kursis SkyTel O\u00dc ja meie toodetega. Me kasutame seda t\u00fc\u00fcpi teabe edastamiseks peamiselt oma blogi, seega loodame, et seda t\u00fc\u00fcpi e-kirju tuleb minimaalselt. Kui sa saadad meile taotluse (n\u00e4iteks tugis\u00f5numi v\u00f5i m\u00f5ne meie tagasisidemehhanismi kaudu), j\u00e4tame endale \u00f5iguse seda avaldada, et aidata meil selgitada v\u00f5i vastata sinu taotlusele v\u00f5i aidata meil teisi kasutajaid toetada. SkyTel O\u00dc v\u00f5tab k\u00f5ik m\u00f5istlikult vajalikud meetmed, et kaitsta potentsiaalselt isikuandmeid ja isikuandmeid identifitseerivaid andmeid omavolilise juurdep\u00e4\u00e4su, kasutamise, muutmise v\u00f5i h\u00e4vitamise eest.<\/p>\r\n<h2>Koondatud statistika<\/h2>\r\n<p>SkuTel O\u00dc v\u00f5ib koguda statistikat oma veebisaidi k\u00fclastajate k\u00e4itumise kohta. SkyTel O\u00dc v\u00f5ib seda teavet avalikult kuvada v\u00f5i teistele edastada. SkyTel O\u00dc aga ei avalda teie isikuandmeid.<\/p>\r\n<h2>Affiliate avalikustamine<\/h2>\r\n<p>See sait kasutab affiliate linke ja teenib teatud linkide eest komisjonitasu. See ei m\u00f5juta teie oste ega hinda, mida v\u00f5ite maksta.<\/p>\r\n<h2>K\u00fcpsised<\/h2>\r\n<p>Teie veebikogemuse rikastamiseks ja t\u00e4iustamiseks kasutab SkyTel O\u00dc &#8220;k\u00fcpsiseid&#8221;, sarnaseid tehnoloogiaid ja teiste poolt pakutavaid teenuseid, et n\u00e4idata isikup\u00e4rastatud sisu, sobivat reklaami ja salvestada teie eelistusi teie arvutis.<\/p>\r\n<p>K\u00fcpsis on teabejada, mille veebisait salvestab k\u00fclastaja arvutisse ja mille k\u00fclastaja veebilehitseja edastab veebisaidile iga kord, kui k\u00fclastaja tagasi p\u00f6\u00f6rdub. SkyTel O\u00dc kasutab k\u00fcpsiseid, et aidata SkyTel O\u00dc-l tuvastada ja j\u00e4lgida k\u00fclastajaid, nende veebilehe <a href=\"https:\/\/skytel.ee\/\">https:\/\/skytel.ee<\/a>,\u00a0<a href=\"https:\/\/skytel24.com\/\">https:\/\/skytel24.com<\/a> ja *.skypbx.eu kasutamist ja veebilehe kasutamise eelistusi. SkyTel O\u00dc k\u00fclastajad, kes ei soovi, et nende arvutisse paigutatakse k\u00fcpsiseid, peaksid enne SkyTel O\u00dc veebisaitide kasutamist seadistama oma veebilehitsejad nii, et need keelduvad k\u00fcpsiste kasutamisest, kuid selle puuduseks on see, et SkyTel O\u00dc veebisaitide teatud funktsioonid ei pruugi ilma k\u00fcpsiste abita korralikult toimida.<\/p>\r\n<p>J\u00e4tkates meie veebisaidil navigeerimist ilma k\u00fcpsiste seadeid muutmata, tunnistate ja n\u00f5ustute sellega, et SkyTel O\u00dc kasutab k\u00fcpsiseid.<\/p>\r\n<h2>E-kaubandus<\/h2>\r\n<p>Neil, kes teevad SkyTel O\u00dc-ga tehinguid &#8211; ostes SkyTel O\u00dc teenuseid v\u00f5i tooteid, palutakse esitada t\u00e4iendavat teavet, sealhulgas vajaduse korral nende tehingute t\u00f6\u00f6tlemiseks vajalikud isiku- ja finantsandmed. Igal juhul kogub SkyTel O\u00dc sellist teavet ainult niiv\u00f5rd, kuiv\u00f5rd see on vajalik v\u00f5i asjakohane k\u00fclastaja ja SkyTel O\u00dc vahelise suhtluse eesm\u00e4rgi t\u00e4itmiseks. SkyTel O\u00dc ei avalikusta isikuandmeid muul viisil kui allpool kirjeldatud. Ja k\u00fclastajad v\u00f5ivad alati keelduda isiklikke andmeid esitamast, kuid see v\u00f5ib takistada neid teatud veebilehega seotud tegevustes osalemast.<\/p>\r\n<h2>Muudatused privaatsuspoliitikas<\/h2>\r\n<p>Kuigi enamik muudatusi on t\u00f5en\u00e4oliselt v\u00e4ikesed, v\u00f5ib SkyTel O\u00dc aeg-ajalt ja SkyTel O\u00dc omal \u00e4ran\u00e4gemisel muuta oma privaatsuspoliitikat. SkyTel O\u00dc soovitab k\u00fclastajatel sageli kontrollida seda lehek\u00fclge oma privaatsuspoliitika muudatuste osas. Kui j\u00e4tkate selle saidi kasutamist p\u00e4rast k\u00e4esoleva privaatsuspoliitika muutmist, n\u00f5ustute sellega.<\/p>\r\n<h2>Krediidi- ja kontaktandmed<\/h2>\r\n<p>Kui teil on k\u00fcsimusi k\u00e4esoleva privaatsuspoliitika kohta, v\u00f5tke meiega \u00fchendust <a href=\"mailto:info@skytel.ee\">email<\/a> v\u00f5i\u00a0<a href=\"http:\/\/tel.:3723335500\">telefoni teel<\/a>.<\/p>\r\n","protected":false},"excerpt":{"rendered":"<p>Teie privaatsus on meie jaoks \u00e4\u00e4rmiselt oluline. SkyTel O\u00dc asub aadressil: SkyTel O\u00dcRegistrikood: 12926323Lasnam\u00e4e 18 Tallinn 11416 &#8211; Harjumaa , Estonia+372.333.55.10 SkyTel O\u00dc poliitika on austada teie privaatsust seoses igasuguse teabega, mida me oma veebilehe k\u00e4itamise ajal kogume. K\u00e4esolev privaatsuspoliitika kehtib\u00a0https:\/\/skytel.ee,\u00a0https:\/\/skytel24.com ja *.skypbx.eu (edaspidi, &#8220;meie&#8221;, &#8220;me&#8221;, v\u00f5i &#8220;https:\/\/skytel.ee \/ https:\/\/skytel24.com&#8221; ja &#8220;*.skypbx.eu&#8221;) suhtes. Me austame [&hellip;]<\/p>\n","protected":false},"author":1,"featured_media":0,"parent":0,"menu_order":0,"comment_status":"closed","ping_status":"open","template":"","meta":{"_acf_changed":false,"footnotes":""},"class_list":["post-3","page","type-page","status-publish","hentry"],"acf":[],"_links":{"self":[{"href":"https:\/\/site.skytel24.com\/et\/wp-json\/wp\/v2\/pages\/3","targetHints":{"allow":["GET"]}}],"collection":[{"href":"https:\/\/site.skytel24.com\/et\/wp-json\/wp\/v2\/pages"}],"about":[{"href":"https:\/\/site.skytel24.com\/et\/wp-json\/wp\/v2\/types\/page"}],"author":[{"embeddable":true,"href":"https:\/\/site.skytel24.com\/et\/wp-json\/wp\/v2\/users\/1"}],"replies":[{"embeddable":true,"href":"https:\/\/site.skytel24.com\/et\/wp-json\/wp\/v2\/comments?post=3"}],"version-history":[{"count":1,"href":"https:\/\/site.skytel24.com\/et\/wp-json\/wp\/v2\/pages\/3\/revisions"}],"predecessor-version":[{"id":102592,"href":"https:\/\/site.skytel24.com\/et\/wp-json\/wp\/v2\/pages\/3\/revisions\/102592"}],"wp:attachment":[{"href":"https:\/\/site.skytel24.com\/et\/wp-json\/wp\/v2\/media?parent=3"}],"curies":[{"name":"wp","href":"https:\/\/api.w.org\/{rel}","templated":true}]}}