{"id":2303,"date":"2024-02-02T10:56:02","date_gmt":"2024-02-02T07:56:02","guid":{"rendered":"https:\/\/skytel24.com\/?page_id=2303"},"modified":"2024-05-20T12:04:46","modified_gmt":"2024-05-20T09:04:46","slug":"cancellation-policy","status":"publish","type":"page","link":"https:\/\/site.skytel24.com\/et\/cancellation-policy\/","title":{"rendered":"Tagasimaksmise ja t\u00fchistamise poliitika"},"content":{"rendered":"<p><strong>Teenuste t\u00fchistamise poliitika<\/strong><\/p>\n<p>Meie eesm\u00e4rk SkyTel OU-s on pakkuda oma klientidele kvaliteetseid side teenuseid ja k\u00f5rget taset klientide toe osas. M\u00f5istame, et m\u00f5nikord v\u00f5ivad plaanid muutuda, seega pakume j\u00e4rgmist t\u00fchistamise poliitikat teie mugavuse huvides:<\/p>\n<ol>\n<li><strong>Teenuse t\u00fchistamine::<\/strong>\n<ul>\n<li>Kliendid saavad igal ajal taotleda mis tahes pakutava side teenuse t\u00fchistamist.<\/li>\n<li>Teenuse t\u00fchistamiseks palun v\u00f5tke \u00fchendust meie klienditeeninduse osakonnaga telefoni v\u00f5i e-kirja teel.<\/li>\n<\/ul>\n<\/li>\n<li><strong>T\u00fchistamise t\u00e4htajad:<\/strong>\n<ul>\n<li>Teenuse t\u00e4ielik t\u00fchistamine ilma trahvideta on v\u00f5imalik juhul, kui t\u00fchistamisavaldus saabub hiljemalt 30 enne teenuse osutamise l\u00f5ppkuup\u00e4eva.<\/li>\n<li>Teenuse t\u00fchistamine p\u00e4rast m\u00e4\u00e4ratud t\u00e4htaega v\u00f5ib kaasa tuua trahvid v\u00f5i muud piirangud vastavalt lepingule v\u00f5i hinnakavale.<\/li>\n<\/ul>\n<\/li>\n<li><strong>Erandid:<\/strong>\n<ul>\n<li>Etten\u00e4gematute olukordade, nagu tehnilised probleemid v\u00f5i h\u00e4daolukorrad, korral, mis v\u00f5ivad teenuse osutamist m\u00f5jutada, v\u00f5ib ettev\u00f5te kaaluda t\u00fchistamistaotluse kaalumist ilma trahvideta.<\/li>\n<li>Erandite taotlusi t\u00fchistamise poliitikast vaadatakse individuaalselt l\u00e4bi ettev\u00f5tte poolt.<\/li>\n<\/ul>\n<\/li>\n<\/ol>\n<p>Oleme valmis osutama vajalikku abi ja tuge teenuste t\u00fchistamise taotluste korral. Lisateabe v\u00f5i abi saamiseks v\u00f5tke \u00fchendust meie klienditeeninduse osakonnaga.<\/p>\n<p>Kontaktid:<br \/>\nE-posti aadress: <a href=\"mailto:info@skytel24.com\" target=\"_blank\" rel=\"noopener\">info@skytel24.com<\/a><br \/>\nTelefon: <a href=\"tel:+3723335510\">+372 333 55 10<\/a><br \/>\nSkyTel O\u00dc<br \/>\nAsutamisriik: Eesti Vabariik<br \/>\nAadress: Lasnam\u00e4e 18, 11416 Tallinn, Eestonia<br \/>\nReg. number: <a href=\"https:\/\/ariregister.rik.ee\/est\/company\/12926323\" target=\"_blank\" rel=\"noopener\">12926323<\/a><\/p>\n","protected":false},"excerpt":{"rendered":"<p>Teenuste t\u00fchistamise poliitika Meie eesm\u00e4rk SkyTel OU-s on pakkuda oma klientidele kvaliteetseid side teenuseid ja k\u00f5rget taset klientide toe osas. M\u00f5istame, et m\u00f5nikord v\u00f5ivad plaanid muutuda, seega pakume j\u00e4rgmist t\u00fchistamise poliitikat teie mugavuse huvides: Teenuse t\u00fchistamine:: Kliendid saavad igal ajal taotleda mis tahes pakutava side teenuse t\u00fchistamist. Teenuse t\u00fchistamiseks palun v\u00f5tke \u00fchendust meie klienditeeninduse osakonnaga [&hellip;]<\/p>\n","protected":false},"author":1,"featured_media":0,"parent":0,"menu_order":0,"comment_status":"closed","ping_status":"closed","template":"","meta":{"_acf_changed":false,"footnotes":""},"class_list":["post-2303","page","type-page","status-publish","hentry"],"acf":[],"_links":{"self":[{"href":"https:\/\/site.skytel24.com\/et\/wp-json\/wp\/v2\/pages\/2303","targetHints":{"allow":["GET"]}}],"collection":[{"href":"https:\/\/site.skytel24.com\/et\/wp-json\/wp\/v2\/pages"}],"about":[{"href":"https:\/\/site.skytel24.com\/et\/wp-json\/wp\/v2\/types\/page"}],"author":[{"embeddable":true,"href":"https:\/\/site.skytel24.com\/et\/wp-json\/wp\/v2\/users\/1"}],"replies":[{"embeddable":true,"href":"https:\/\/site.skytel24.com\/et\/wp-json\/wp\/v2\/comments?post=2303"}],"version-history":[{"count":0,"href":"https:\/\/site.skytel24.com\/et\/wp-json\/wp\/v2\/pages\/2303\/revisions"}],"wp:attachment":[{"href":"https:\/\/site.skytel24.com\/et\/wp-json\/wp\/v2\/media?parent=2303"}],"curies":[{"name":"wp","href":"https:\/\/api.w.org\/{rel}","templated":true}]}}