{"id":2297,"date":"2024-02-02T10:52:00","date_gmt":"2024-02-02T07:52:00","guid":{"rendered":"https:\/\/skytel24.com\/?page_id=2297"},"modified":"2024-05-20T12:05:45","modified_gmt":"2024-05-20T09:05:45","slug":"refund-policy","status":"publish","type":"page","link":"https:\/\/site.skytel24.com\/et\/refund-policy\/","title":{"rendered":"Tagastamispoliitika"},"content":{"rendered":"<p><strong>Tagastamise ja tagasimaksmise poliitika<\/strong><\/p>\n<p>T\u00e4name teid SkyTel O\u00dc teenuse ostmise eest.<br \/>\nKui te ei ole oma ostuga t\u00e4ielikult rahul, oleme siin, et aidata.<\/p>\n<p>Tagastas<br \/>\nTeil on 30 kalendrip\u00e4eva aega toote tagastamiseks alates selle k\u00e4ttesaamise kuup\u00e4evast.<br \/>\nTagastamiseks peab teie toode olema kasutamata ja samas seisukorras, milles te selle k\u00e4tte saite.<br \/>\nTeie toode peab olema oroginaalpakendis.<br \/>\nTeie esemel peab olema ostukviitung v\u00f5i ostut\u00f5end.<\/p>\n<p>Tagasimaksed<br \/>\nKui oleme teie toote k\u00e4tte saanud, kontrollime seda ja teatame teile, et oleme saanud teie tagastatud toote. P\u00e4rast kauba kontrollimist teavitame teie tagastuse staatusest.<\/p>\n<p>Kui teie tagastamine kiidetakse heaks, algatame tagasimakse teie krediitkaardile (v\u00f5i algsele makseviisile).<\/p>\n<p>Krediidi saate k\u00e4tte teatud aja jooksul, s\u00f5ltuvalt teie kaardiv\u00e4ljaandja eeskirjadest.<\/p>\n<p>Laevandus<br \/>\nTeie vastutate ise oma eseme tagastamisega seotud saatmiskulude eest. Kohaletoimetamise kulud ei kuulu tagastamisele.<br \/>\nKui teile tagastatakse raha, arvatakse tagastamiskulud teie raha tagasimaksest maha.<\/p>\n<p>V\u00f5tke meiega \u00fchendust<br \/>\nKui teil on k\u00fcsimusi selle kohta, kuidas oma toodet maile tagastada, v\u00f5tke meiega \u00fchendust (vaata allpool).<\/p>\n<p>Kontaktid:<br \/>\nE-posti aadress: <a href=\"mailto:info@skytel24.com\" target=\"_blank\" rel=\"noopener\">info@skytel24.com<\/a><br \/>\nTelefon: <a href=\"tel:+3723335510\">+372 333 55 10<\/a><br \/>\nSkyTel O\u00dc<br \/>\nAsutamisriik: Eesti Vabariik<br \/>\nAadress: Lasnam\u00e4e 18, 11416 Tallinn, Eestonia<br \/>\nReg. number: <a href=\"https:\/\/ariregister.rik.ee\/est\/company\/12926323\" target=\"_blank\" rel=\"noopener\">12926323<\/a><\/p>\n","protected":false},"excerpt":{"rendered":"<p>Tagastamise ja tagasimaksmise poliitika T\u00e4name teid SkyTel O\u00dc teenuse ostmise eest. Kui te ei ole oma ostuga t\u00e4ielikult rahul, oleme siin, et aidata. Tagastas Teil on 30 kalendrip\u00e4eva aega toote tagastamiseks alates selle k\u00e4ttesaamise kuup\u00e4evast. Tagastamiseks peab teie toode olema kasutamata ja samas seisukorras, milles te selle k\u00e4tte saite. Teie toode peab olema oroginaalpakendis. Teie [&hellip;]<\/p>\n","protected":false},"author":1,"featured_media":0,"parent":0,"menu_order":0,"comment_status":"closed","ping_status":"closed","template":"","meta":{"_acf_changed":false,"footnotes":""},"class_list":["post-2297","page","type-page","status-publish","hentry"],"acf":[],"_links":{"self":[{"href":"https:\/\/site.skytel24.com\/et\/wp-json\/wp\/v2\/pages\/2297","targetHints":{"allow":["GET"]}}],"collection":[{"href":"https:\/\/site.skytel24.com\/et\/wp-json\/wp\/v2\/pages"}],"about":[{"href":"https:\/\/site.skytel24.com\/et\/wp-json\/wp\/v2\/types\/page"}],"author":[{"embeddable":true,"href":"https:\/\/site.skytel24.com\/et\/wp-json\/wp\/v2\/users\/1"}],"replies":[{"embeddable":true,"href":"https:\/\/site.skytel24.com\/et\/wp-json\/wp\/v2\/comments?post=2297"}],"version-history":[{"count":0,"href":"https:\/\/site.skytel24.com\/et\/wp-json\/wp\/v2\/pages\/2297\/revisions"}],"wp:attachment":[{"href":"https:\/\/site.skytel24.com\/et\/wp-json\/wp\/v2\/media?parent=2297"}],"curies":[{"name":"wp","href":"https:\/\/api.w.org\/{rel}","templated":true}]}}