{"id":2294,"date":"2024-02-02T10:48:52","date_gmt":"2024-02-02T07:48:52","guid":{"rendered":"https:\/\/skytel24.com\/?page_id=2294"},"modified":"2025-10-03T11:15:53","modified_gmt":"2025-10-03T08:15:53","slug":"terms-and-conditions","status":"publish","type":"page","link":"https:\/\/site.skytel24.com\/et\/terms-and-conditions\/","title":{"rendered":"\u00dcldtingimused"},"content":{"rendered":"<h2>Tere tulemast SkyTel OU-sse<\/h2>\n<p>Need tingimused ja kohustused m\u00e4\u00e4ratlevad reeglid ja m\u00e4\u00e4rused SkyTel OU veebisaidi kasutamiseks.<\/p>\n<p>SkyTel OU asub aadressil:<\/p>\n<address>Lasnam\u00e4e 18 Tallinn<br \/>\n11416 \u2014 Harjumaa, Eesti<br \/>\nRegistrikood: <a href=\"https:\/\/ariregister.rik.ee\/est\/company\/12926323\" target=\"_blank\" rel=\"noopener\">12926323<\/a><\/address>\n<p>Sellele veebisaidile juurde p\u00e4\u00e4sedes eeldame, et n\u00f5ustute nende tingimuste ja kohustustega t\u00e4ielikult. \u00c4rge j\u00e4tkake SkyTel OU veebisaidi kasutamist, kui te ei n\u00f5ustu k\u00f5igi sellel lehel esitatud tingimuste ja kohustustega.<\/p>\n<p>J\u00e4rgmine terminoloogia kehtib nende tingimuste ja kohustuste, privaatsusavalduse ja vastutusest loobumise m\u00e4rkuse ning k\u00f5igi v\u00f5i m\u00f5ne lepingu puhul: \u201eKlient\u201c, \u201eTeie\u201c ja \u201eTeie\u201c viitavad teile, isikule, kes juurdep\u00e4\u00e4seb sellele veebisaidile ja aktsepteerib ettev\u00f5tte tingimusi ja kohustusi. \u201eEttev\u00f5te\u201c, \u201eMeie\u201c, \u201eMe\u201c, \u201eMeie\u201c ja \u201eMeie\u201c viitavad meie ettev\u00f5ttele. \u201ePool\u201c, \u201ePooled\u201c v\u00f5i \u201eMeie\u201c viitavad nii kliendile kui ka meile, v\u00f5i kas kliendile v\u00f5i meile. K\u00f5ik terminid viitavad meie kliendi abistamise protsessi pakkumise, vastuv\u00f5tmise ja maksmise kaalumisele, mis on vajalikud meie kliendi abistamise protsessi alustamiseks k\u00f5ige sobivamal viisil, olgu selleks siis formaalsed koosolekud kindla kestusega v\u00f5i muud meetodid, eesm\u00e4rgiga vastata kliendi vajadustele ettev\u00f5tte deklareeritud teenuste\/toodete pakkumisel vastavalt kehtivatele Eesti seadustele. \u00dclaltoodud terminoloogia v\u00f5i muude s\u00f5nade kasutamine \u00fcksik- v\u00f5i mitmuses, suurt\u00e4htedes ja\/v\u00f5i tema\/tema v\u00f5i nende puhul v\u00f5etakse vastastikuseks ja seet\u00f5ttu viidatakse samale.<\/p>\n<h2><b>K\u00fcpsised<\/b><\/h2>\n<p>Kasutame k\u00fcpsiseid. SkyTel OU veebisaidi kasutamisega n\u00f5ustute k\u00fcpsiste kasutamisega vastavalt SkyTel OU privaatsuspoliitikale.<\/p>\n<p>Enamik t\u00e4nap\u00e4evaseid interaktiivseid veebisaite kasutab k\u00fcpsiseid, et v\u00f5imaldada meil iga k\u00fclastuse korral kasutaja \u00fcksikasju hankida. M\u00f5nes meie veebisaidi osas kasutatakse k\u00fcpsiseid selle piirkonna funktsionaalsuse v\u00f5imaldamiseks ja nende k\u00fclastavate inimeste kasutamise lihtsustamiseks. M\u00f5ned meie partnerid sidusettev\u00f5tte \/ reklaamipartnerid v\u00f5ivad samuti kasutada k\u00fcpsiseid.<\/p>\n<h2>Litsents<\/h2>\n<p>Kui pole \u00f6eldud teisiti, kuulub k\u00f5ik materjal SkyTel OU-le ja\/v\u00f5i selle litsentsiandjatele. K\u00f5ik intellektuaalomandi \u00f5igused on kaitstud. V\u00f5ite vaadata ja\/v\u00f5i printida lehti veebiaadressilt <a href=\"https:\/\/skytel.ee\">https:\/\/skytel.ee<\/a> ja <a href=\"https:\/\/skytel24.com\">https:\/\/skytel24.com<\/a> oma isiklikuks kasutamiseks, j\u00e4rgides neis tingimustes ja kohustustes seatud piiranguid.<\/p>\n<p>Te ei tohi:<\/p>\n<ol>\n<li>Uuesti avaldada materjali veebiaadressilt <a href=\"https:\/\/skytel.ee\">https:\/\/skytel.ee<\/a> ja <a href=\"https:\/\/skytel24.com\">https:\/\/skytel24.com<\/a><\/li>\n<li>M\u00fc\u00fca, rentida v\u00f5i all-litsentsida materjali veebiaadressilt <a href=\"https:\/\/skytel.ee\">https:\/\/skytel.ee<\/a> ja <a href=\"https:\/\/skytel24.com\">https:\/\/skytel24.com<\/a><\/li>\n<li>Reprodutseerida, kopeerida v\u00f5i kopeerida materjali veebiaadressilt <a href=\"https:\/\/skytel.ee\">https:\/\/skytel.ee<\/a> ja <a href=\"https:\/\/skytel24.com\">https:\/\/skytel24.com<\/a><\/li>\n<\/ol>\n<p>Redistribueerida sisu SkyTel OU-st (v\u00e4lja arvatud juhul, kui sisu on spetsiaalselt loodud \u00fcmberjaotamiseks).<\/p>\n<h2>H\u00fcperlink meie sisule<\/h2>\n<ol>\n<li>J\u00e4rgmised organisatsioonid v\u00f5ivad meie veebisaidiga linkida ilma eelneva kirjaliku loata:\n<ol>\n<li>Valitsusasutused;<\/li>\n<li>Otsingumootorid;<\/li>\n<li>Uudisteorganisatsioonid;<\/li>\n<li>Online-kataloogi levitajad, kui nad meid loetelus loetlevad, v\u00f5ivad meie veebisaidiga linkida samal viisil nagu nad linkivad teiste loetletud ettev\u00f5tete veebisaite; ja<\/li>\n<li>S\u00fcsteemne akrediteeritud ettev\u00f5tted, v\u00e4lja arvatud mittetulundus\u00fchingud, heategevuslikud ostukeskused ja heategevuslikud annetuste kogumise r\u00fchmad, kes v\u00f5ivad meie veebisaidiga linkida.<\/li>\n<\/ol>\n<\/li>\n<\/ol>\n<ol start=\"2\">\n<li>Need organisatsioonid v\u00f5ivad linkida meie avalehele, v\u00e4ljaannetele v\u00f5i muule veebisaidi teabele, eeldusel, et link: (a) pole mingil viisil eksitav; (b) ei vihja valesti sponsoreerimisele, heakskiitmisele v\u00f5i linkiva poole ja selle toodete v\u00f5i teenuste heakskiitmisele; ja (c) sobib linkiva poole saidi konteksti.<\/li>\n<li>V\u00f5ime kaaluda ja heaks kiita oma ainuotsusega teisi lingip\u00e4ringuid j\u00e4rgmistelt organisatsioonide t\u00fc\u00fcpidelt:\n<ol>\n<li>laialt tuntud tarbija- ja\/v\u00f5i \u00e4rivaldkonna teabeallikad nagu kaubanduskodad, Ameerika Autoklubi, AARP ja Tarbijate Liit;<\/li>\n<li>dot.com kogukonnasaidid;<\/li>\n<li>\u00fchingud v\u00f5i muud heategevusorganisatsioone esindavad r\u00fchmad, sealhulgas annetuslehti pakkuvad heategevuslikud saidid,<\/li>\n<li>online-kataloogi levitajad;<\/li>\n<li>Interneti-portaalid;<\/li>\n<li>\u00e4rin\u00f5ustamine, \u00f5igus- ja konsultatsio<\/li>\n<li>onifirmad, kelle peamised kliendid on ettev\u00f5tted; ja haridusasutused ja kaubandus\u00fchendused.<\/li>\n<\/ol>\n<\/li>\n<\/ol>\n<p>Kui me m\u00e4\u00e4ratleme, et: (a) link ei kajasta meid ebasoodsalt ega meie akrediteeritud ettev\u00f5tteid (n\u00e4iteks kaubandus\u00fchingud v\u00f5i muud organisatsioonid, mis esindavad olemuslikult kahtlaseid \u00e4riliike, n\u00e4iteks kodust t\u00f6\u00f6tamise v\u00f5imalused, ei tohi linkida); (b) organisatsioonil pole meiega rahulolematut ajalugu; (c) h\u00fcperlingi n\u00e4htavusest tulenev kasu meile kaalub \u00fcles puudumise ; ja (d) kus link on \u00fcldise ressursiteabe kontekstis v\u00f5i vastab muul viisil uudiskirja v\u00f5i sarnase toote toimetuse sisuga organisatsiooni missiooni edendamisele.<\/p>\n<p>Need organisatsioonid v\u00f5ivad linkida meie avalehele, v\u00e4ljaannetele v\u00f5i muule veebisaidi teabele, eeldusel, et link: (a) pole mingil viisil eksitav; (b) ei vihja valesti sponsoreerimisele, heakskiitmisele v\u00f5i linkiva poole ja selle toodete v\u00f5i teenuste heakskiitmisele; ja (c) sobib linkiva poole saidi konteksti.<\/p>\n<p>Kui olete loetletud 2. l\u00f5igus ja olete huvitatud meie veebisaidiga linkimisest, peate meid sellest teavitama, saates e-kirja aadressile <a href=\"mailto:info@skytel24.com\">info@skytel24.com<\/a>. Palun sisestage oma nimi, oma organisatsiooni nimi, kontaktandmed (nt telefoninumber ja\/v\u00f5i e-posti aadress) ning oma saidi URL, loetelu URL-idest, millelt kavatsete linkida meie veebisaidile, ja loetelu meie saidi URL-idest, millele soovite linkida. Oodake vastust 2\u20133 n\u00e4dalat.<\/p>\n<p>Heaks kiidetud organisatsioonid v\u00f5ivad linkida meie veebisaiti j\u00e4rgmiselt:<\/p>\n<ol>\n<li>Kasutades meie ettev\u00f5tte nime; v\u00f5i<\/li>\n<li>Kasutades lingitud veebiaadressi (URL-i); v\u00f5i<\/li>\n<li>Kasutades muid meie veebisaidi v\u00f5i lingitud materjalide kirjeldusi, mis on m\u00f5istlikud veebisaidi kontekstis ja formaadis lingiva poole saidil.<\/li>\n<\/ol>\n<p>SkyTel OU logo v\u00f5i muu kunsti kasutamine lingiga lubatud ei ole ilma kaubam\u00e4rgi litsentsilepinguta.<\/p>\n<h2>Raamid<\/h2>\n<p>Ilma eelneva n\u00f5usoleku ja kirjaliku loata ei tohi te luua raame meie veebilehtede \u00fcmber ega kasutada muid tehnikaid, mis muudavad meie veebisaidi visuaalset esitlust v\u00f5i v\u00e4limust mis tahes viisil.<\/p>\n<h2>\u00d5iguste reserveerimine<\/h2>\n<p>J\u00e4tame endale igal ajal ja oma ainuotsusega \u00f5iguse n\u00f5uda, et eemaldate k\u00f5ik lingid v\u00f5i mingi konkreetse lingi meie veebisaidilt. N\u00f5ustute k\u00f5igi linkide meie veebisaidilt viivitamatu eemaldamisega sellise taotluse korral. J\u00e4tame endale samuti \u00f5iguse igal ajal muuta neid tingimusi ja kohustusi ning oma lingipoliitikat. Lingiga meie veebisaidile j\u00e4tkates n\u00f5ustute olema seotud ja j\u00e4rgima neid lingi tingimusi ja kohustusi.<\/p>\n<h2>Lingid meie veebisaidilt eemaldamine<\/h2>\n<p>Kui leiate meie veebisaidilt v\u00f5i mis tahes lingitud veebisaidilt mingi lingi mis tahes p\u00f5hjusel vastuv\u00f5etamatuks, v\u00f5ite meiega selle kohta \u00fchendust v\u00f5tta. Kaalume lingi eemaldamise taotlusi, kuid meil pole kohustust seda teha ega vastata teile otse.<\/p>\n<p>Kuigi me p\u00fc\u00fcame tagada selle veebisaidi teabe \u00f5igsust, ei garanteeri me selle t\u00e4ielikkust ega t\u00e4psust; samuti ei kohusta me tagama veebisaidi k\u00e4ttesaadavust ega seda, et veebisaidi materjal on ajakohane.<\/p>\n<h2>Sisu vastutus<\/h2>\n<p>Meil pole mingit vastutust ega vastutust teie veebisaidil ilmuva sisu eest. N\u00f5ustute meid h\u00fcvitama ja kaitsma k\u00f5igi n\u00f5uete eest, mis tulenevad teie veebisaidist v\u00f5i p\u00f5hinevad sellel. \u00dckski link(id) ei tohi ilmuda teie veebisaidi lehel ega \u00fcheski kontekstis, mis sisaldab sisu v\u00f5i materjale, mida v\u00f5ib t\u00f5lgendada kui laimavaid, solvavaid v\u00f5i kuritegelikke, v\u00f5i mis rikub, rikub v\u00f5i propageerib kolmandate isikute \u00f5iguste rikkumist.<\/p>\n<h2>Kohaletoimetamine<\/h2>\n<p>Kaupu saadetakse j\u00e4rgmistesse riikidesse: Eesti<br \/>\nElektrooniline teenus toimetatakse kliendi e-posti aadressile 5 minuti jooksul p\u00e4rast tellimuse eest tasumist.<\/p>\n<p>Kauba saatmiskulud kannab ostja ning vastav hinnainfo on kuvatud saatmisviisi juures.<\/p>\n<p>Eestisisesed saadetised j\u00f5uavad \u00fcldjuhul ostja m\u00e4\u00e4ratud sihtpunkti 3-7 t\u00f6\u00f6p\u00e4eva jooksul alates m\u00fc\u00fcgilepingu j\u00f5ustumist. V\u00e4ljaspool Eestit toimub kohaletoimetamine 30-60 kalendrip\u00e4eva jooksul.<\/p>\n<p>Erandlikel juhtumitel on \u00f5igus kaup kohale toimetada kuni 30 kalendrip\u00e4eva jooksul.<\/p>\n<p>Kui Veebipood on veebilehel v\u00f5i tellimuse kinnituses teavitanud ostjat tarneprobleemidest ja 30 kalendrip\u00e4eva \u00fcletavast t\u00e4htajast, kohaldub Veebipoe poolt avaldatud t\u00e4htaeg.<\/p>\n<h2>Loobumine<\/h2>\n<p>Maksimaalses ulatuses, mida lubab kohaldatav \u00f5igus, v\u00e4listame k\u00f5ik esindused, garantiid ja tingimused seoses meie veebisaidi ja selle veebisaidi kasutamisega (sealhulgas, ilma piiranguteta, mis tahes seadusest tulenevad garantiid seoses rahuldava kvaliteedi, sobivuse eesm\u00e4rgiks ja\/v\u00f5i m\u00f5istliku hoolsuse ja oskusteabe kasutamisega). Miski selles loobumises ei:<\/p>\n<ol>\n<li>piira ega v\u00e4lista meie v\u00f5i teie vastutust surma v\u00f5i isikliku vigastuse eest, mis tuleneb hooletusest;<\/li>\n<li>piira ega v\u00e4lista meie v\u00f5i teie vastutust pettuse v\u00f5i petturluse eest;<\/li>\n<li>piira meie v\u00f5i teie vastutust viisil, mis pole lubatud kohaldatava \u00f5iguse kohaselt; v\u00f5i<\/li>\n<li>v\u00e4listada meie v\u00f5i teie vastutust, mida ei saa kohaldatava \u00f5iguse kohaselt v\u00e4listada.<\/li>\n<\/ol>\n<p>K\u00e4esoleva loobumise v\u00f5i k\u00e4esoleva loobumise eseme suhtes kehtivad vastutuse piirangud ja v\u00e4listused: (a) on eelneva l\u00f5ike alusel; ja (b) reguleerivad k\u00f5iki kohaldatava loobumise v\u00f5i selle loobumise eseme suhtes tekkivaid kohustusi, sealhulgas lepingulist vastutust, \u00f5iguserikkumise eest (sealhulgas hooletus) ja seadusj\u00e4rgse kohustuse rikkumise eest.<\/p>\n<p>Kuni veebisait ja veebisaidil olev teave ja teenused on tasuta, ei vastuta me mingil moel sellest tuleneva kahju v\u00f5i kahju eest.<\/p>\n<h2>Kontaktandmed<\/h2>\n<p>Kui teil on k\u00fcsimusi mis tahes meie tingimuste kohta, v\u00f5tke meiega \u00fchendust.<\/p>\n<p>&nbsp;<\/p>\n","protected":false},"excerpt":{"rendered":"<p>Tere tulemast SkyTel OU-sse Need tingimused ja kohustused m\u00e4\u00e4ratlevad reeglid ja m\u00e4\u00e4rused SkyTel OU veebisaidi kasutamiseks. SkyTel OU asub aadressil: Lasnam\u00e4e 18 Tallinn 11416 \u2014 Harjumaa, Eesti Registrikood: 12926323 Sellele veebisaidile juurde p\u00e4\u00e4sedes eeldame, et n\u00f5ustute nende tingimuste ja kohustustega t\u00e4ielikult. \u00c4rge j\u00e4tkake SkyTel OU veebisaidi kasutamist, kui te ei n\u00f5ustu k\u00f5igi sellel lehel esitatud [&hellip;]<\/p>\n","protected":false},"author":1,"featured_media":0,"parent":0,"menu_order":0,"comment_status":"closed","ping_status":"closed","template":"","meta":{"_acf_changed":false,"footnotes":""},"class_list":["post-2294","page","type-page","status-publish","hentry"],"acf":[],"_links":{"self":[{"href":"https:\/\/site.skytel24.com\/et\/wp-json\/wp\/v2\/pages\/2294","targetHints":{"allow":["GET"]}}],"collection":[{"href":"https:\/\/site.skytel24.com\/et\/wp-json\/wp\/v2\/pages"}],"about":[{"href":"https:\/\/site.skytel24.com\/et\/wp-json\/wp\/v2\/types\/page"}],"author":[{"embeddable":true,"href":"https:\/\/site.skytel24.com\/et\/wp-json\/wp\/v2\/users\/1"}],"replies":[{"embeddable":true,"href":"https:\/\/site.skytel24.com\/et\/wp-json\/wp\/v2\/comments?post=2294"}],"version-history":[{"count":14,"href":"https:\/\/site.skytel24.com\/et\/wp-json\/wp\/v2\/pages\/2294\/revisions"}],"predecessor-version":[{"id":14745,"href":"https:\/\/site.skytel24.com\/et\/wp-json\/wp\/v2\/pages\/2294\/revisions\/14745"}],"wp:attachment":[{"href":"https:\/\/site.skytel24.com\/et\/wp-json\/wp\/v2\/media?parent=2294"}],"curies":[{"name":"wp","href":"https:\/\/api.w.org\/{rel}","templated":true}]}}