{"id":14888,"date":"2024-07-11T11:39:32","date_gmt":"2024-07-11T08:39:32","guid":{"rendered":"https:\/\/skytel24.com\/en\/?page_id=14888"},"modified":"2024-07-11T16:06:52","modified_gmt":"2024-07-11T13:06:52","slug":"delivery-terms","status":"publish","type":"page","link":"https:\/\/site.skytel24.com\/et\/delivery-terms\/","title":{"rendered":"Tarnetingimused"},"content":{"rendered":"<p>Veebipoe SKYTEL24.COM (edaspidi Veebipood) omanik on SkyTel O\u00dc (registrikood 12926323), asukohaga Lasnam\u00e4e 18, 11416 Tallinn, Eesti.<\/p>\n<h3><strong>M\u00fc\u00fcgilepingu kehtivus, kauba- ja hinnainfo<\/strong><\/h3>\n<p>M\u00fc\u00fcgitingimused kehtivad Veebipoest kaupade ostmisel.<\/p>\n<p>Veebipoes m\u00fc\u00fcdavate toodete hinnad on m\u00e4rgitud toodete juurde. Hinnale lisandub tasu kauba k\u00e4ttetoimetamise eest.<\/p>\n<p>Kauba k\u00e4ttetoimetamise tasu s\u00f5ltub ostja asukohast ning k\u00e4ttetoimetamise viisist. K\u00e4ttetoimetamise tasu kuvatakse ostjale tellimuse vormistamisel.<\/p>\n<p>Teave kauba kohta on esitatud Veebipoes vahetult kauba juures.<\/p>\n<h3>Tellimuse vormistamine<\/h3>\n<p>Kauba tellimiseks tuleb lisada soovitud tooted ostukorvi. Tellimuse vormistamiseks tuleb t\u00e4ita n\u00f5utud andmev\u00e4ljad ning valida sobiv toodete kohaletoimetamise viis. Seej\u00e4rel kuvatakse ekraanile tasu suurus, mille saab tasuda pangalingi kaudu v\u00f5i muu makselahenduse abil.<\/p>\n<p>Leping j\u00f5ustub alates tasumisele kuuluva summa laekumisest Veebipoe arvelduskontole.<\/p>\n<p>Kui tellitud kaupa ei ole v\u00f5imalik tarnida seoses kauba l\u00f5ppemisega v\u00f5i muul p\u00f5hjusel, teavitatakse sellest ostjat esimesel v\u00f5imalusel ning tagastatakse tasutud raha (sh kauba k\u00e4ttetoimetamise kulud) \u00fcldjuhul 1-2 t\u00f6\u00f6p\u00e4eva jooksul. S\u00f5ltuvalt makseviisist v\u00f5ib laekumine aega v\u00f5tta kuni 7 t\u00f6\u00f6p\u00e4eva.<\/p>\n<h3>Kohaletoimetamine<\/h3>\n<p>Kaupu saadetakse j\u00e4rgmistesse riikidesse: Eesti<br \/>\nElektrooniline teenus toimetatakse kliendi e-posti aadressile 5 minuti jooksul p\u00e4rast tellimuse eest tasumist.<\/p>\n<p>Kauba saatmiskulud kannab ostja ning vastav hinnainfo on kuvatud saatmisviisi juures.<\/p>\n<p>Eestisisesed saadetised j\u00f5uavad \u00fcldjuhul ostja m\u00e4\u00e4ratud sihtpunkti 3-7 t\u00f6\u00f6p\u00e4eva jooksul alates m\u00fc\u00fcgilepingu j\u00f5ustumist. V\u00e4ljaspool Eestit toimub kohaletoimetamine 30-60 kalendrip\u00e4eva jooksul.<\/p>\n<p>Erandlikel juhtumitel on \u00f5igus kaup kohale toimetada kuni 30 kalendrip\u00e4eva jooksul.<\/p>\n<p>Kui Veebipood on veebilehel v\u00f5i tellimuse kinnituses teavitanud ostjat tarneprobleemidest ja 30 kalendrip\u00e4eva \u00fcletavast t\u00e4htajast, kohaldub Veebipoe poolt avaldatud t\u00e4htaeg.<\/p>\n<h3>Taganemis\u00f5igus<\/h3>\n<p>P\u00e4rast tellimuse k\u00e4ttesaamist on ostjal \u00f5igus e-poes s\u00f5lmitud lepingust taganeda 14 p\u00e4eva jooksul.<br \/>\nErandit ei kohaldata teatavat liiki f\u00fc\u00fcsiliste kaupade, n\u00e4iteks f\u00fc\u00fcsiliste SIM-kaartide ja elektrooniliste kaupade, n\u00e4iteks vaut\u0161erite, eSIM-profiiliga ostetud QR-koodide, k\u00f5neaja tasude jne suhtes, mida ei saa tagasi maksta.<\/p>\n<p>Taganemis\u00f5igus ei kohaldu, kui ostjaks on juriidiline isik.<\/p>\n<p>14-p\u00e4evase tagastamis\u00f5iguse kasutamiseks ei tohi tellitud kaupa kasutada muul viisil kui on vajalik kauba olemuses, omadustes ja toimimises veendumiseks viisil nagu see on lubatud kauba testimiseks f\u00fc\u00fcsilises poes.<\/p>\n<p>Kui kaupa on kasutatud muuks otstarbeks kui on vajalik kauba olemuses, omadustes ja toimimises veendumiseks v\u00f5i sellel on kasutamise v\u00f5i kulumise m\u00e4rke, on Veebipoel \u00f5igus alandada tagastatavat tasu vastavalt kauba v\u00e4\u00e4rtuse v\u00e4henemisele.<\/p>\n<p>Kauba tagastamiseks tuleb esitada kauba ostmisest taganemise avaldus, mille vormi leiab siit: <a href=\"https:\/\/www.riigiteataja.ee\/aktilisa\/1030\/1201\/4001\/JM_m41_lisa1.pdf\" target=\"_blank\" rel=\"noopener\">taganemisavaldus<\/a> ning saata see e-posti aadressile hiljemalt 14 p\u00e4eva jooksul kauba k\u00e4ttesaamisest.<\/p>\n<p>Kauba tagastamise kulud kannab ostja, v\u00e4lja arvatud juhul, kui tagastamise p\u00f5hjus seisneb asjaolus, et tagastamisele kuuluv asi ei vasta tellitule (nt vale v\u00f5i defektiga asi).<\/p>\n<p>Ostja peab kauba tagastama avalduse esitamisele j\u00e4rgneva 14 p\u00e4eva jooksul v\u00f5i esitama t\u00f5endi, et ta on eelnimetatud perioodi jooksul kauba \u00fcle andnud kauba vedajale.<\/p>\n<p>Veebipood tagastab tagastatava kauba k\u00e4ttesaamisel ostjale viivitamata, kuid mitte hiljem kui 14 p\u00e4eva m\u00f6\u00f6dumisel arvates taganemisavalduse saamisest, k\u00f5ik ostjalt lepingu alusel saadud tasud.<\/p>\n<p>Veebipood v\u00f5ib keelduda tagasimaksete tegemisest seni, kuni on lepingu esemeks oleva asja tagasi saanud v\u00f5i kuni ostja on esitanud t\u00f5endid, et on asja tagasi saatnud, s\u00f5ltuvalt sellest, kumb toimub varem.<\/p>\n<p>Kui ostja on s\u00f5naselgelt valinud Veebipoe pakutud k\u00f5ige odavamast tavap\u00e4rasest asja k\u00e4ttetoimetamise viisist erineva k\u00e4ttetoimetamise viisi, ei pea Veebipood tarbijale tagastama kulu, mis \u00fcletab tavap\u00e4rase k\u00e4ttetoimetamise viisiga seotud kulu.<\/p>\n<p>Veebipoel on \u00f5igus taganeda m\u00fc\u00fcgitehingust ning n\u00f5uda ostjalt tagasi kaup, kui kauba hind veebipoes on eksituse t\u00f5ttu m\u00e4rgitud oluliselt alla kauba turuhinna.<\/p>\n<h3>Pretensiooni esitamise \u00f5igus<\/h3>\n<p>Veebipood vastutab ostjale m\u00fc\u00fcdud kauba lepingutingimustele mittevastavuse v\u00f5i puuduse eest, mis oli olemas juba asja \u00fcleandmise hetkel ning mis ilmneb kuni kahe aasta jooksul, alates kauba \u00fcleandmisest ostjale. Sellest esimese aasta jooksul asja \u00fcleandmisest ostjale eeldatakse, et puudus oli olemas juba asja \u00fcleandmise ajal. Vastava eelduse \u00fcmberl\u00fckkamine on Veebipoe kohustus.<\/p>\n<p>Ostjal on \u00f5igus puuduse ilmnemisel p\u00f6\u00f6rduda hiljemalt kahe kuu jooksul veebipoe poole, saates e kirja aadressile <a href=\"mailto:eshop@skytel24.com\" target=\"_blank\" rel=\"noopener\">eshop@skytel24.com<\/a> v\u00f5i helistada telefonil: <a href=\"tel:+3723335510\" target=\"_blank\" rel=\"noopener\">+3723335510<\/a>.<\/p>\n<p>Veebipood ei vastuta puuduste eest, mis on tekkinud p\u00e4rast kauba \u00fcleandmist tarbija tegevuse v\u00f5i tegevusetuse t\u00f5ttu (vale kasutusviis, \u00f5nnetusjuhtum vms) v\u00f5i kui tegemist on asja tavap\u00e4rasest kasutamisest tingitud normaalse kulumisega.<\/p>\n<p>Kui Veebipoest ostetud kaubal on puudused, mille eest Veebipood vastutab, parandab v\u00f5i asendab Veebipood puudusega kauba. Kui kaupa ei ole v\u00f5imalik parandada ega asendada, tagastab Veebipood ostjale k\u00f5ik m\u00fc\u00fcgilepinguga kaasnenud tasud.<\/p>\n<p>Veebipood vastab tarbija esitatud kaebusele kirjalikult v\u00f5i kirjalikku taasesitamist v\u00f5imaldavas vormis 15 p\u00e4eva jooksul.<\/p>\n<p><strong>Otseturustus ja isikuandmete t\u00f6\u00f6tlemine<\/strong><\/p>\n<p>Selle klausli s\u00e4tted on s\u00e4testatud meie veebisaidil asuvas <a href=\"\/et\/privacy-policy\" target=\"_blank\" rel=\"noopener\">Privaatsuspoliitikas<\/a>.<\/p>\n<p><strong>Vaidluste lahendamine<\/strong><\/p>\n<p>Kui ostjal on Veebipoe osas pretensioone, tuleb need saata e-kirja aadressile <a href=\"mailto:eshop@skytel24.com\" target=\"_blank\" rel=\"noopener\">eshop@skytel24.com<\/a> v\u00f5i helistada telefonil: <a href=\"tel:+3723335510\" target=\"_blank\" rel=\"noopener\">+3723335510<\/a>.<\/p>\n<p>Kui ostja ja Veebipood ei suuda lahenda vaidlust kokkuleppe teel, siis on ostjal v\u00f5imalik p\u00f6\u00f6rduda Tarbijavaidluste komisjoni poole. Menetlustingimustega saab tutvuda ning avaldust esitada <a href=\"https:\/\/ttja.ee\/tarbijavaidluste-komisjon\" target=\"_blank\" rel=\"noopener\">siin<\/a>. Tarbijavaidluste komisjoni p\u00e4devuses on lahendada ostja ja Veebipoe vahel s\u00f5lmitud lepingust tulenevaid vaidlusi. Ostja kaebuse l\u00e4bivaatamine komisjonis on tasuta.<\/p>\n<p>Ostja v\u00f5ib p\u00f6\u00f6rduda Euroopa Liidu tarbijavaidlusi lahendava platvormi <a href=\"https:\/\/ec.europa.eu\/consumers\/odr\/main\/index.cfm?event=main.home2.show&#038;lng=ET\" target=\"_blank\" rel=\"noopener\">poole<\/a>.<\/p>\n","protected":false},"excerpt":{"rendered":"<p>Veebipoe SKYTEL24.COM (edaspidi Veebipood) omanik on SkyTel O\u00dc (registrikood 12926323), asukohaga Lasnam\u00e4e 18, 11416 Tallinn, Eesti. M\u00fc\u00fcgilepingu kehtivus, kauba- ja hinnainfo M\u00fc\u00fcgitingimused kehtivad Veebipoest kaupade ostmisel. Veebipoes m\u00fc\u00fcdavate toodete hinnad on m\u00e4rgitud toodete juurde. Hinnale lisandub tasu kauba k\u00e4ttetoimetamise eest. Kauba k\u00e4ttetoimetamise tasu s\u00f5ltub ostja asukohast ning k\u00e4ttetoimetamise viisist. K\u00e4ttetoimetamise tasu kuvatakse ostjale tellimuse vormistamisel. [&hellip;]<\/p>\n","protected":false},"author":2,"featured_media":0,"parent":0,"menu_order":0,"comment_status":"closed","ping_status":"closed","template":"","meta":{"_acf_changed":false,"footnotes":""},"class_list":["post-14888","page","type-page","status-publish","hentry"],"acf":[],"_links":{"self":[{"href":"https:\/\/site.skytel24.com\/et\/wp-json\/wp\/v2\/pages\/14888","targetHints":{"allow":["GET"]}}],"collection":[{"href":"https:\/\/site.skytel24.com\/et\/wp-json\/wp\/v2\/pages"}],"about":[{"href":"https:\/\/site.skytel24.com\/et\/wp-json\/wp\/v2\/types\/page"}],"author":[{"embeddable":true,"href":"https:\/\/site.skytel24.com\/et\/wp-json\/wp\/v2\/users\/2"}],"replies":[{"embeddable":true,"href":"https:\/\/site.skytel24.com\/et\/wp-json\/wp\/v2\/comments?post=14888"}],"version-history":[{"count":19,"href":"https:\/\/site.skytel24.com\/et\/wp-json\/wp\/v2\/pages\/14888\/revisions"}],"predecessor-version":[{"id":14921,"href":"https:\/\/site.skytel24.com\/et\/wp-json\/wp\/v2\/pages\/14888\/revisions\/14921"}],"wp:attachment":[{"href":"https:\/\/site.skytel24.com\/et\/wp-json\/wp\/v2\/media?parent=14888"}],"curies":[{"name":"wp","href":"https:\/\/api.w.org\/{rel}","templated":true}]}}